{"id":8090,"date":"2015-03-17T19:00:39","date_gmt":"2015-03-17T18:00:39","guid":{"rendered":"http:\/\/www.tourisme-haut-vallespir.com\/wp\/actividades-culturales-y-deportes\/itineraires-touristiques\/"},"modified":"2015-04-13T11:04:36","modified_gmt":"2015-04-13T09:04:36","slug":"rutas-turisticas","status":"publish","type":"page","link":"https:\/\/www.tourisme-haut-vallespir.com\/es\/actividades-culturales-y-deportes\/rutas-turisticas\/","title":{"rendered":"Rutas tur\u00edsticas"},"content":{"rendered":"<h2><b><span id=\"result_box\" class=\"\" lang=\"es\"><span class=\"hps\">Proponemos<\/span> <span class=\"hps\">una caminata<\/span> <span class=\"hps\">o<\/span> <span class=\"hps\">bicicleta de monta\u00f1a<\/span> <span class=\"hps\">a trav\u00e9s de nuestras<\/span> <span class=\"hps\">rutas marcadas<\/span> <span class=\"hps\">y<\/span> <span class=\"hps\">mapeadas<\/span>. <span class=\"hps\">Puede<\/span> <span class=\"hps\">tambi\u00e9n<\/span> <span class=\"hps\">si desea<\/span> <span class=\"hps\">descubrir la ciudad de<\/span> <span class=\"hps\">Arles<\/span> <span class=\"hps\">sur Tech<\/span> <span class=\"hps\">con nuestro curso de<\/span> <span class=\"hps\">Mp3<\/span><span class=\"\">.<\/span><\/span><br \/>\n<\/b><\/h2>\n","protected":false},"excerpt":{"rendered":"<p>Proponemos una caminata o bicicleta de monta\u00f1a a trav\u00e9s de nuestras rutas marcadas y mapeadas. Puede tambi\u00e9n si desea descubrir la ciudad de Arles sur Tech con nuestro curso de Mp3.<\/p>\n","protected":false},"author":1,"featured_media":0,"parent":8048,"menu_order":0,"comment_status":"open","ping_status":"closed","template":"page-tour-list.php","meta":{"_seopress_robots_primary_cat":"","_seopress_titles_title":"","_seopress_titles_desc":"","_seopress_robots_index":"","footnotes":""},"class_list":["post-8090","page","type-page","status-publish","hentry"],"_links":{"self":[{"href":"https:\/\/www.tourisme-haut-vallespir.com\/es\/wp-json\/wp\/v2\/pages\/8090","targetHints":{"allow":["GET"]}}],"collection":[{"href":"https:\/\/www.tourisme-haut-vallespir.com\/es\/wp-json\/wp\/v2\/pages"}],"about":[{"href":"https:\/\/www.tourisme-haut-vallespir.com\/es\/wp-json\/wp\/v2\/types\/page"}],"author":[{"embeddable":true,"href":"https:\/\/www.tourisme-haut-vallespir.com\/es\/wp-json\/wp\/v2\/users\/1"}],"replies":[{"embeddable":true,"href":"https:\/\/www.tourisme-haut-vallespir.com\/es\/wp-json\/wp\/v2\/comments?post=8090"}],"version-history":[{"count":0,"href":"https:\/\/www.tourisme-haut-vallespir.com\/es\/wp-json\/wp\/v2\/pages\/8090\/revisions"}],"up":[{"embeddable":true,"href":"https:\/\/www.tourisme-haut-vallespir.com\/es\/wp-json\/wp\/v2\/pages\/8048"}],"wp:attachment":[{"href":"https:\/\/www.tourisme-haut-vallespir.com\/es\/wp-json\/wp\/v2\/media?parent=8090"}],"curies":[{"name":"wp","href":"https:\/\/api.w.org\/{rel}","templated":true}]}}